{"id":1076,"date":"2013-04-16T20:50:15","date_gmt":"2013-04-16T20:50:15","guid":{"rendered":"http:\/\/www.lsb-donaueschingen.de\/?page_id=1076"},"modified":"2017-12-27T16:00:39","modified_gmt":"2017-12-27T16:00:39","slug":"wissenswertes-zum-segelfliegen","status":"publish","type":"page","link":"https:\/\/www.lsb-donaueschingen.de\/?page_id=1076","title":{"rendered":"Wissenswertes zum Segelfliegen"},"content":{"rendered":"<p style=\"padding-left: 60px;\"><a href=\"http:\/\/www.bfu-web.de\/DE\/Publikationen\/Flugsicherheitsinformationen\/Berichte\/V177%20-%20Flugsicherheitsinfo%20-%20Klapptriebwerke%20ein%20Risiko.pdf?__blob=publicationFilehttp:\/\/\" target=\"_blank\">Risiko Klapptriebwerk?<\/a> &#8211; Flugsicherheitsinformation V 177 Mai 2012<\/p>\n<p style=\"padding-left: 60px;\"><a href=\"http:\/\/www.lsb-donaueschingen.de\/downloads\/TRAINING.PDF\" target=\"_blank\">Trainingsbarometer (PDF 86 KB)<\/a>&#8211; jeder sollte seinen Stand kennen und sich nicht \u00fcbersch\u00e4tzen!<\/p>\n<p style=\"padding-left: 60px;\"><a href=\"http:\/\/www.lsb-donaueschingen.de\/downloads\/Sicherheit_beim_Gebirgssegelflug.pdf\" target=\"_blank\">Sicherheit beim Gebirgssegelflug (PDF 6 MB)<\/a><br \/>\nSafety-Brosch\u00fcre des Centre National de vol \u00e0 voile St-Auban &#8222;Sicherheit beim Gebirgssegelflug&#8220;<\/p>\n<p style=\"padding-left: 60px;\"><a href=\"http:\/\/www.lsb-donaueschingen.de\/?p=529\">Feuchtigkeit \u2013 die Seele der Thermik!<\/a><br \/>\nEine Ausarbeitung von Herny Blum.<\/p>\n<p style=\"padding-left: 60px;\">&nbsp;<\/p>\n","protected":false},"excerpt":{"rendered":"<p>Risiko Klapptriebwerk? &#8211; Flugsicherheitsinformation V 177 Mai 2012 Trainingsbarometer (PDF 86 KB)&#8211; jeder sollte seinen Stand kennen und sich nicht \u00fcbersch\u00e4tzen! Sicherheit beim Gebirgssegelflug (PDF 6 MB) Safety-Brosch\u00fcre des Centre National de vol \u00e0 voile St-Auban &#8222;Sicherheit beim Gebirgssegelflug&#8220; Feuchtigkeit \u2013 die Seele der Thermik! Eine Ausarbeitung von Herny Blum.\u2026<\/p>\n<p class=\"continue-reading-button\"> <a class=\"continue-reading-link\" href=\"https:\/\/www.lsb-donaueschingen.de\/?page_id=1076\">Weiterlesen<i class=\"crycon-right-dir\"><\/i><\/a><\/p>\n","protected":false},"author":10,"featured_media":0,"parent":49,"menu_order":8,"comment_status":"open","ping_status":"closed","template":"","meta":{"_uag_custom_page_level_css":"","editor_plus_copied_stylings":"{}","ngg_post_thumbnail":0,"footnotes":""},"class_list":["post-1076","page","type-page","status-publish","hentry"],"aioseo_notices":[],"uagb_featured_image_src":{"full":false,"thumbnail":false,"medium":false,"medium_large":false,"large":false,"1536x1536":false,"2048x2048":false,"custom":false,"post-thumbnail":false,"header":false,"slider":false,"columns":false},"uagb_author_info":{"display_name":"Admin","author_link":"https:\/\/www.lsb-donaueschingen.de\/?author=10"},"uagb_comment_info":0,"uagb_excerpt":"Risiko Klapptriebwerk? &#8211; Flugsicherheitsinformation V 177 Mai 2012 Trainingsbarometer (PDF 86 KB)&#8211; jeder sollte seinen Stand kennen und sich nicht \u00fcbersch\u00e4tzen! Sicherheit beim Gebirgssegelflug (PDF 6 MB) Safety-Brosch\u00fcre des Centre National de vol \u00e0 voile St-Auban &#8222;Sicherheit beim Gebirgssegelflug&#8220; Feuchtigkeit \u2013 die Seele der Thermik! Eine Ausarbeitung von Herny Blum.\u2026 Weiterlesen","_links":{"self":[{"href":"https:\/\/www.lsb-donaueschingen.de\/index.php?rest_route=\/wp\/v2\/pages\/1076","targetHints":{"allow":["GET"]}}],"collection":[{"href":"https:\/\/www.lsb-donaueschingen.de\/index.php?rest_route=\/wp\/v2\/pages"}],"about":[{"href":"https:\/\/www.lsb-donaueschingen.de\/index.php?rest_route=\/wp\/v2\/types\/page"}],"author":[{"embeddable":true,"href":"https:\/\/www.lsb-donaueschingen.de\/index.php?rest_route=\/wp\/v2\/users\/10"}],"replies":[{"embeddable":true,"href":"https:\/\/www.lsb-donaueschingen.de\/index.php?rest_route=%2Fwp%2Fv2%2Fcomments&post=1076"}],"version-history":[{"count":7,"href":"https:\/\/www.lsb-donaueschingen.de\/index.php?rest_route=\/wp\/v2\/pages\/1076\/revisions"}],"predecessor-version":[{"id":6394,"href":"https:\/\/www.lsb-donaueschingen.de\/index.php?rest_route=\/wp\/v2\/pages\/1076\/revisions\/6394"}],"up":[{"embeddable":true,"href":"https:\/\/www.lsb-donaueschingen.de\/index.php?rest_route=\/wp\/v2\/pages\/49"}],"wp:attachment":[{"href":"https:\/\/www.lsb-donaueschingen.de\/index.php?rest_route=%2Fwp%2Fv2%2Fmedia&parent=1076"}],"curies":[{"name":"wp","href":"https:\/\/api.w.org\/{rel}","templated":true}]}}