{"id":196,"date":"2011-12-31T14:16:02","date_gmt":"2011-12-31T14:16:02","guid":{"rendered":"http:\/\/localhost\/wordpress\/?page_id=196"},"modified":"2025-07-07T13:45:44","modified_gmt":"2025-07-07T13:45:44","slug":"eintritt","status":"publish","type":"page","link":"https:\/\/www.lsb-donaueschingen.de\/?page_id=196","title":{"rendered":"Eintritt"},"content":{"rendered":"\n<p class=\" eplus-wrapper\">F\u00fcr Interessenten, die mit uns das sch\u00f6nen Flugsporthobby betreiben wollen gibt es hier die Formulare f\u00fcr den Vereinsbeitritt.<\/p>\n\n\n\n<p class=\" eplus-wrapper\">Wie werde ich Mitglieder bei der Luftsportgruppe LSB Donaueschingen ?<\/p>\n\n\n<ul class=\" wp-block-list eplus-wrapper eplus-styles-uid-e80962\">\n<li class=\" eplus-wrapper\"><span style=\"font-family: Helvetica,Arial,sans-serif;\"><span style=\"font-family: Helvetica,Arial,sans-serif;\">Schicken Sie bitte den komplett ausgef\u00fcllten Aufnahmeantrag (s.u.) an den Schriftf\u00fchrer der LSB<\/span><\/span> oder a<span style=\"font-family: Helvetica,Arial,sans-serif;\">lternativ an die Postadresse der LSB <\/span><ul class=\" wp-block-list eplus-wrapper eplus-styles-uid-e5293d\">\n<li class=\" eplus-wrapper\"><span style=\"font-family: Helvetica,Arial,sans-serif;\"><strong>Postadresse:<\/strong><\/span><ul class=\" wp-block-list eplus-wrapper eplus-styles-uid-f98785\">\n<li class=\" eplus-wrapper\"><span style=\"font-family: Helvetica,Arial,sans-serif;\"> <em>Luftsportvereinigung Schwarzwald-Baar e.V.<\/em><\/span>  <em>z. Hd. des Schriftf\u00fchrers<\/em><br><span style=\"font-family: Helvetica,Arial,sans-serif;\"><em>Postfach 1661\u00a0\u00a0\u00a0 78006 Villingen-Schwenningen \u00a0 \u00a0 \u00a0<\/em><\/span><\/li>\n<\/ul><\/li>\n\n\n\n<li class=\" eplus-wrapper\"><span style=\"font-family: Helvetica,Arial,sans-serif;\"><strong>E-Mail:<\/strong> <strong> schriftfuehrer@flylsb.de<\/strong><\/span><\/li>\n\n\n\n<li class=\" eplus-wrapper\"><a href=\"https:\/\/www.lsb-donaueschingen.de\/wp-content\/uploads\/2025\/07\/Aufnahmeantrag-LSB-komplett-ausfuellb-II.pdf\" title=\"\">Aufnahmeantrag 2025-07<\/a><\/li>\n<\/ul><\/li>\n\n\n\n<li class=\" eplus-wrapper\">Der Vorstand der LSB pr\u00fcft dann den Aufnahmeantrag und l\u00e4dt Sie zu einer Kennenlern-Runde ein. Anschlie\u00dfend entscheidet der Vorstand \u00fcber die Aufnahme in die LSB und gibt Ihnen entsprechend Bescheid.<\/li>\n<\/ul>\n\n\n<p class=\" eplus-wrapper\"><\/p>\n\n\n\n<p class=\" eplus-wrapper\">Wir freuen uns darauf, Sie ggf. bald bei uns als Mitglied begr\u00fc\u00dfen zu d\u00fcrfen.<\/p>\n\n\n\n<p class=\" eplus-wrapper\"><\/p>\n","protected":false},"excerpt":{"rendered":"<p>F\u00fcr Interessenten, die mit uns das sch\u00f6nen Flugsporthobby betreiben wollen gibt es hier die Formulare f\u00fcr den Vereinsbeitritt. Wie werde ich Mitglieder bei der Luftsportgruppe LSB Donaueschingen ? Wir freuen uns darauf, Sie ggf. bald bei uns als Mitglied begr\u00fc\u00dfen zu d\u00fcrfen.<\/p>\n<p class=\"continue-reading-button\"> <a class=\"continue-reading-link\" href=\"https:\/\/www.lsb-donaueschingen.de\/?page_id=196\">Weiterlesen<i class=\"crycon-right-dir\"><\/i><\/a><\/p>\n","protected":false},"author":10,"featured_media":0,"parent":439,"menu_order":3,"comment_status":"closed","ping_status":"closed","template":"","meta":{"_uag_custom_page_level_css":"","editor_plus_copied_stylings":"{}","ngg_post_thumbnail":0,"footnotes":""},"class_list":["post-196","page","type-page","status-publish","hentry"],"aioseo_notices":[],"uagb_featured_image_src":{"full":false,"thumbnail":false,"medium":false,"medium_large":false,"large":false,"1536x1536":false,"2048x2048":false,"custom":false,"post-thumbnail":false,"header":false,"slider":false,"columns":false},"uagb_author_info":{"display_name":"Admin","author_link":"https:\/\/www.lsb-donaueschingen.de\/?author=10"},"uagb_comment_info":0,"uagb_excerpt":"F\u00fcr Interessenten, die mit uns das sch\u00f6nen Flugsporthobby betreiben wollen gibt es hier die Formulare f\u00fcr den Vereinsbeitritt. Wie werde ich Mitglieder bei der Luftsportgruppe LSB Donaueschingen ? Wir freuen uns darauf, Sie ggf. bald bei uns als Mitglied begr\u00fc\u00dfen zu d\u00fcrfen. Weiterlesen","_links":{"self":[{"href":"https:\/\/www.lsb-donaueschingen.de\/index.php?rest_route=\/wp\/v2\/pages\/196","targetHints":{"allow":["GET"]}}],"collection":[{"href":"https:\/\/www.lsb-donaueschingen.de\/index.php?rest_route=\/wp\/v2\/pages"}],"about":[{"href":"https:\/\/www.lsb-donaueschingen.de\/index.php?rest_route=\/wp\/v2\/types\/page"}],"author":[{"embeddable":true,"href":"https:\/\/www.lsb-donaueschingen.de\/index.php?rest_route=\/wp\/v2\/users\/10"}],"replies":[{"embeddable":true,"href":"https:\/\/www.lsb-donaueschingen.de\/index.php?rest_route=%2Fwp%2Fv2%2Fcomments&post=196"}],"version-history":[{"count":32,"href":"https:\/\/www.lsb-donaueschingen.de\/index.php?rest_route=\/wp\/v2\/pages\/196\/revisions"}],"predecessor-version":[{"id":9092,"href":"https:\/\/www.lsb-donaueschingen.de\/index.php?rest_route=\/wp\/v2\/pages\/196\/revisions\/9092"}],"up":[{"embeddable":true,"href":"https:\/\/www.lsb-donaueschingen.de\/index.php?rest_route=\/wp\/v2\/pages\/439"}],"wp:attachment":[{"href":"https:\/\/www.lsb-donaueschingen.de\/index.php?rest_route=%2Fwp%2Fv2%2Fmedia&parent=196"}],"curies":[{"name":"wp","href":"https:\/\/api.w.org\/{rel}","templated":true}]}}