{"id":27,"date":"2011-12-29T15:26:13","date_gmt":"2011-12-29T15:26:13","guid":{"rendered":"http:\/\/localhost\/wordpress\/?page_id=27"},"modified":"2022-12-09T17:29:34","modified_gmt":"2022-12-09T17:29:34","slug":"impressum","status":"publish","type":"page","link":"https:\/\/www.lsb-donaueschingen.de\/?page_id=27","title":{"rendered":"Impressum"},"content":{"rendered":"<p style=\"text-align: center;\"><strong>Luftsportvereinigung Schwarzwald-Baar e.V.<\/strong><\/p>\n<p style=\"text-align: center;\">Anschrift: Postfach 1661, 78006 Villingen-Schwenningen<\/p>\n<p style=\"text-align: center;\">vertreten durch den 1. Vorsitzenden:<\/p>\n<p style=\"text-align: center;\"><strong>Vorstand:<br \/><a href=\"mailto:vorstand@flylsb.de\">Joachim Hirt<\/a><\/strong><\/p>\n<p style=\"text-align: center;\">Obrist-Aescher-Str. 19<\/p>\n<p style=\"text-align: center;\">78050 Villingen-Schwenningen<\/p>\n<p style=\"text-align: center;\">Vereinsregisternummer beim Amtsgericht Freiburg:\u00a0 VR 600123<\/p>\n<p style=\"text-align: center;\"><strong>E-Mail:\u00a0 vorstand@flylsb.de<\/strong><\/p>\n\n\n<h3 class=\"eplus-wrapper wp-block-heading\">Haftung f\u00fcr Inhalte<\/h3>\n\n\n\n<p class=\" eplus-wrapper\">Als Diensteanbieter sind wir gem\u00e4\u00df \u00a7 7 Abs.1 TMG f\u00fcr eigene Inhalte auf diesen Seiten nach den allgemeinen Gesetzen verantwortlich. Nach \u00a7\u00a7 8 bis 10 TMG sind wir als Diensteanbieter jedoch nicht verpflichtet, \u00fcbermittelte oder gespeicherte fremde Informationen zu \u00fcberwachen oder nach Umst\u00e4nden zu forschen, die auf eine rechtswidrige T\u00e4tigkeit hinweisen.<\/p>\n\n\n\n<p class=\" eplus-wrapper\">Verpflichtungen zur Entfernung oder Sperrung der Nutzung von Informationen nach den allgemeinen Gesetzen bleiben hiervon unber\u00fchrt. Eine diesbez\u00fcgliche Haftung ist jedoch erst ab dem Zeitpunkt der Kenntnis einer konkreten Rechtsverletzung m\u00f6glich. Bei Bekanntwerden von entsprechenden Rechtsverletzungen werden wir diese Inhalte umgehend entfernen.<\/p>\n\n\n\n<h3 class=\"eplus-wrapper wp-block-heading\">Haftung f\u00fcr Links<\/h3>\n\n\n\n<p class=\" eplus-wrapper\">Unser Angebot enth\u00e4lt Links zu externen Websites Dritter, auf deren Inhalte wir keinen Einfluss haben. Deshalb k\u00f6nnen wir f\u00fcr diese fremden Inhalte auch keine Gew\u00e4hr \u00fcbernehmen. F\u00fcr die Inhalte der verlinkten Seiten ist stets der jeweilige Anbieter oder Betreiber der Seiten verantwortlich. Die verlinkten Seiten wurden zum Zeitpunkt der Verlinkung auf m\u00f6gliche Rechtsverst\u00f6\u00dfe \u00fcberpr\u00fcft. Rechtswidrige Inhalte waren zum Zeitpunkt der Verlinkung nicht erkennbar.<\/p>\n\n\n\n<p class=\" eplus-wrapper\">Eine permanente inhaltliche Kontrolle der verlinkten Seiten ist jedoch ohne konkrete Anhaltspunkte einer Rechtsverletzung nicht zumutbar. Bei Bekanntwerden von Rechtsverletzungen werden wir derartige Links umgehend entfernen.<\/p>\n\n\n\n<h3 class=\"eplus-wrapper wp-block-heading\">Urheberrecht<\/h3>\n\n\n\n<p class=\" eplus-wrapper\">Die durch die Seitenbetreiber erstellten Inhalte und Werke auf diesen Seiten unterliegen dem deutschen Urheberrecht. Die Vervielf\u00e4ltigung, Bearbeitung, Verbreitung und jede Art der Verwertung au\u00dferhalb der Grenzen des Urheberrechtes bed\u00fcrfen der schriftlichen Zustimmung des jeweiligen Autors bzw. Erstellers. Downloads und Kopien dieser Seite sind nur f\u00fcr den privaten, nicht kommerziellen Gebrauch gestattet.<\/p>\n\n\n\n<p class=\" eplus-wrapper\">Soweit die Inhalte auf dieser Seite nicht vom Betreiber erstellt wurden, werden die Urheberrechte Dritter beachtet. Insbesondere werden Inhalte Dritter als solche gekennzeichnet. Sollten Sie trotzdem auf eine Urheberrechtsverletzung aufmerksam werden, bitten wir um einen entsprechenden Hinweis. Bei Bekanntwerden von Rechtsverletzungen werden wir derartige Inhalte umgehend entfernen.<\/p>\n\n\n\n<p class=\" eplus-wrapper\"><em>Quelle: <a href=\"https:\/\/www.e-recht24.de\">eRecht24<\/a><\/em><\/p>\n","protected":false},"excerpt":{"rendered":"<p>Luftsportvereinigung Schwarzwald-Baar e.V. Anschrift: Postfach 1661, 78006 Villingen-Schwenningen vertreten durch den 1. Vorsitzenden: Vorstand:Joachim Hirt Obrist-Aescher-Str. 19 78050 Villingen-Schwenningen Vereinsregisternummer beim Amtsgericht Freiburg:\u00a0 VR 600123 E-Mail:\u00a0 vorstand@flylsb.de Haftung f\u00fcr Inhalte Als Diensteanbieter sind wir gem\u00e4\u00df \u00a7 7 Abs.1 TMG f\u00fcr eigene Inhalte auf diesen Seiten nach den allgemeinen Gesetzen verantwortlich.\u2026<\/p>\n<p class=\"continue-reading-button\"> <a class=\"continue-reading-link\" href=\"https:\/\/www.lsb-donaueschingen.de\/?page_id=27\">Weiterlesen<i class=\"crycon-right-dir\"><\/i><\/a><\/p>\n","protected":false},"author":10,"featured_media":0,"parent":0,"menu_order":10,"comment_status":"closed","ping_status":"open","template":"","meta":{"_uag_custom_page_level_css":"","editor_plus_copied_stylings":"{}","ngg_post_thumbnail":0,"footnotes":""},"class_list":["post-27","page","type-page","status-publish","hentry"],"aioseo_notices":[],"uagb_featured_image_src":{"full":false,"thumbnail":false,"medium":false,"medium_large":false,"large":false,"1536x1536":false,"2048x2048":false,"custom":false,"post-thumbnail":false,"header":false,"slider":false,"columns":false},"uagb_author_info":{"display_name":"Admin","author_link":"https:\/\/www.lsb-donaueschingen.de\/?author=10"},"uagb_comment_info":0,"uagb_excerpt":"Luftsportvereinigung Schwarzwald-Baar e.V. Anschrift: Postfach 1661, 78006 Villingen-Schwenningen vertreten durch den 1. Vorsitzenden: Vorstand:Joachim Hirt Obrist-Aescher-Str. 19 78050 Villingen-Schwenningen Vereinsregisternummer beim Amtsgericht Freiburg:\u00a0 VR 600123 E-Mail:\u00a0 vorstand@flylsb.de Haftung f\u00fcr Inhalte Als Diensteanbieter sind wir gem\u00e4\u00df \u00a7 7 Abs.1 TMG f\u00fcr eigene Inhalte auf diesen Seiten nach den allgemeinen Gesetzen verantwortlich.\u2026 Weiterlesen","_links":{"self":[{"href":"https:\/\/www.lsb-donaueschingen.de\/index.php?rest_route=\/wp\/v2\/pages\/27","targetHints":{"allow":["GET"]}}],"collection":[{"href":"https:\/\/www.lsb-donaueschingen.de\/index.php?rest_route=\/wp\/v2\/pages"}],"about":[{"href":"https:\/\/www.lsb-donaueschingen.de\/index.php?rest_route=\/wp\/v2\/types\/page"}],"author":[{"embeddable":true,"href":"https:\/\/www.lsb-donaueschingen.de\/index.php?rest_route=\/wp\/v2\/users\/10"}],"replies":[{"embeddable":true,"href":"https:\/\/www.lsb-donaueschingen.de\/index.php?rest_route=%2Fwp%2Fv2%2Fcomments&post=27"}],"version-history":[{"count":13,"href":"https:\/\/www.lsb-donaueschingen.de\/index.php?rest_route=\/wp\/v2\/pages\/27\/revisions"}],"predecessor-version":[{"id":8849,"href":"https:\/\/www.lsb-donaueschingen.de\/index.php?rest_route=\/wp\/v2\/pages\/27\/revisions\/8849"}],"wp:attachment":[{"href":"https:\/\/www.lsb-donaueschingen.de\/index.php?rest_route=%2Fwp%2Fv2%2Fmedia&parent=27"}],"curies":[{"name":"wp","href":"https:\/\/api.w.org\/{rel}","templated":true}]}}