{"id":344,"date":"2012-01-01T23:32:09","date_gmt":"2012-01-01T23:32:09","guid":{"rendered":"http:\/\/www.lsb-donaueschingen.de\/?page_id=344"},"modified":"2020-07-29T10:44:57","modified_gmt":"2020-07-29T10:44:57","slug":"startgerat","status":"publish","type":"page","link":"https:\/\/www.lsb-donaueschingen.de\/?page_id=344","title":{"rendered":"Startger\u00e4t"},"content":{"rendered":"\n<p class=\"has-text-align-center\"><strong>Unser Startger\u00e4t f\u00fcr den Segelflugbetrieb.<\/strong><\/p>\n\n\n\n<p>Der Startwagen mit den Funkger\u00e4ten und dem PC zur Flugdatenerfassung.<\/p>\n\n\n\n<figure class=\"wp-block-image size-large\"><img loading=\"lazy\" decoding=\"async\" width=\"1024\" height=\"768\" src=\"https:\/\/www.lsb-donaueschingen.de\/wp-content\/uploads\/2020\/07\/Startwagen.jpg\" alt=\"\" class=\"wp-image-7870\" srcset=\"https:\/\/www.lsb-donaueschingen.de\/wp-content\/uploads\/2020\/07\/Startwagen.jpg 1024w, https:\/\/www.lsb-donaueschingen.de\/wp-content\/uploads\/2020\/07\/Startwagen-300x225.jpg 300w, https:\/\/www.lsb-donaueschingen.de\/wp-content\/uploads\/2020\/07\/Startwagen-768x576.jpg 768w, https:\/\/www.lsb-donaueschingen.de\/wp-content\/uploads\/2020\/07\/Startwagen-150x113.jpg 150w\" sizes=\"auto, (max-width: 1024px) 100vw, 1024px\" \/><\/figure>\n\n\n<p style=\"text-align: center;\">Unsere Seilwinde mit 2 Trommeln<strong><br><\/strong><\/p>\n<p><img loading=\"lazy\" decoding=\"async\" class=\"alignnone\" src=\"\/images\/flieger\/Winde1.jpg\" alt=\"\" width=\"800\" height=\"632\"><\/p>\n<p style=\"text-align: center;\">Und ein weiteres wichtiges Ger\u00e4t &#8211; der Traktor<\/p>\n<h5><img loading=\"lazy\" decoding=\"async\" class=\"alignnone\" src=\"\/images\/flieger\/Tracktor.jpg\" alt=\"\" width=\"800\" height=\"641\"><\/h5>\n\n\n<p>Und zuletzt, das Auto um die Seile von der Winde zum Startplatz zu schleppen.  Ausgezogen werden an den Ausleger des Anh\u00e4ngers pro Fahrt 2 Seile.<\/p>\n\n\n\n<figure class=\"wp-block-image size-large\"><img loading=\"lazy\" decoding=\"async\" width=\"1024\" height=\"768\" src=\"https:\/\/www.lsb-donaueschingen.de\/wp-content\/uploads\/2020\/07\/Lepo2020.jpg\" alt=\"\" class=\"wp-image-7868\" srcset=\"https:\/\/www.lsb-donaueschingen.de\/wp-content\/uploads\/2020\/07\/Lepo2020.jpg 1024w, https:\/\/www.lsb-donaueschingen.de\/wp-content\/uploads\/2020\/07\/Lepo2020-300x225.jpg 300w, https:\/\/www.lsb-donaueschingen.de\/wp-content\/uploads\/2020\/07\/Lepo2020-768x576.jpg 768w, https:\/\/www.lsb-donaueschingen.de\/wp-content\/uploads\/2020\/07\/Lepo2020-150x113.jpg 150w\" sizes=\"auto, (max-width: 1024px) 100vw, 1024px\" \/><\/figure>\n\n\n\n<figure class=\"wp-block-image size-large\"><img loading=\"lazy\" decoding=\"async\" width=\"1024\" height=\"768\" src=\"https:\/\/www.lsb-donaueschingen.de\/wp-content\/uploads\/2020\/07\/Lepoh\u00e4nger2020.jpg\" alt=\"\" class=\"wp-image-7869\" srcset=\"https:\/\/www.lsb-donaueschingen.de\/wp-content\/uploads\/2020\/07\/Lepoh\u00e4nger2020.jpg 1024w, https:\/\/www.lsb-donaueschingen.de\/wp-content\/uploads\/2020\/07\/Lepoh\u00e4nger2020-300x225.jpg 300w, https:\/\/www.lsb-donaueschingen.de\/wp-content\/uploads\/2020\/07\/Lepoh\u00e4nger2020-768x576.jpg 768w, https:\/\/www.lsb-donaueschingen.de\/wp-content\/uploads\/2020\/07\/Lepoh\u00e4nger2020-150x113.jpg 150w\" sizes=\"auto, (max-width: 1024px) 100vw, 1024px\" \/><\/figure>\n\n\n\n<p><\/p>\n","protected":false},"excerpt":{"rendered":"<p>Unser Startger\u00e4t f\u00fcr den Segelflugbetrieb. Der Startwagen mit den Funkger\u00e4ten und dem PC zur Flugdatenerfassung. Unsere Seilwinde mit 2 Trommeln Und ein weiteres wichtiges Ger\u00e4t &#8211; der Traktor Und zuletzt, das Auto um die Seile von der Winde zum Startplatz zu schleppen. Ausgezogen werden an den Ausleger des Anh\u00e4ngers pro\u2026<\/p>\n<p class=\"continue-reading-button\"> <a class=\"continue-reading-link\" href=\"https:\/\/www.lsb-donaueschingen.de\/?page_id=344\">Weiterlesen<i class=\"crycon-right-dir\"><\/i><\/a><\/p>\n","protected":false},"author":10,"featured_media":0,"parent":49,"menu_order":6,"comment_status":"closed","ping_status":"closed","template":"","meta":{"_uag_custom_page_level_css":"","editor_plus_copied_stylings":"{}","ngg_post_thumbnail":0,"footnotes":""},"class_list":["post-344","page","type-page","status-publish","hentry"],"aioseo_notices":[],"uagb_featured_image_src":{"full":false,"thumbnail":false,"medium":false,"medium_large":false,"large":false,"1536x1536":false,"2048x2048":false,"custom":false,"post-thumbnail":false,"header":false,"slider":false,"columns":false},"uagb_author_info":{"display_name":"Admin","author_link":"https:\/\/www.lsb-donaueschingen.de\/?author=10"},"uagb_comment_info":0,"uagb_excerpt":"Unser Startger\u00e4t f\u00fcr den Segelflugbetrieb. Der Startwagen mit den Funkger\u00e4ten und dem PC zur Flugdatenerfassung. Unsere Seilwinde mit 2 Trommeln Und ein weiteres wichtiges Ger\u00e4t &#8211; der Traktor Und zuletzt, das Auto um die Seile von der Winde zum Startplatz zu schleppen. Ausgezogen werden an den Ausleger des Anh\u00e4ngers pro\u2026 Weiterlesen","_links":{"self":[{"href":"https:\/\/www.lsb-donaueschingen.de\/index.php?rest_route=\/wp\/v2\/pages\/344","targetHints":{"allow":["GET"]}}],"collection":[{"href":"https:\/\/www.lsb-donaueschingen.de\/index.php?rest_route=\/wp\/v2\/pages"}],"about":[{"href":"https:\/\/www.lsb-donaueschingen.de\/index.php?rest_route=\/wp\/v2\/types\/page"}],"author":[{"embeddable":true,"href":"https:\/\/www.lsb-donaueschingen.de\/index.php?rest_route=\/wp\/v2\/users\/10"}],"replies":[{"embeddable":true,"href":"https:\/\/www.lsb-donaueschingen.de\/index.php?rest_route=%2Fwp%2Fv2%2Fcomments&post=344"}],"version-history":[{"count":6,"href":"https:\/\/www.lsb-donaueschingen.de\/index.php?rest_route=\/wp\/v2\/pages\/344\/revisions"}],"predecessor-version":[{"id":7873,"href":"https:\/\/www.lsb-donaueschingen.de\/index.php?rest_route=\/wp\/v2\/pages\/344\/revisions\/7873"}],"up":[{"embeddable":true,"href":"https:\/\/www.lsb-donaueschingen.de\/index.php?rest_route=\/wp\/v2\/pages\/49"}],"wp:attachment":[{"href":"https:\/\/www.lsb-donaueschingen.de\/index.php?rest_route=%2Fwp%2Fv2%2Fmedia&parent=344"}],"curies":[{"name":"wp","href":"https:\/\/api.w.org\/{rel}","templated":true}]}}