{"id":3959,"date":"2016-01-02T15:34:46","date_gmt":"2016-01-02T15:34:46","guid":{"rendered":"http:\/\/www.lsb-donaueschingen.de\/?page_id=3959"},"modified":"2017-08-27T15:11:48","modified_gmt":"2017-08-27T15:11:48","slug":"archive","status":"publish","type":"page","link":"https:\/\/www.lsb-donaueschingen.de\/?page_id=3959","title":{"rendered":"Archive"},"content":{"rendered":"<p>\u00dcber das Suchfeld kann mittels eines Schlagwortes nach einem Betrag gesucht werden.<\/p>\n<p>\u00dcber die Achive Funktion k\u00f6nnen die Beitr\u00e4ge nach Monaten gruppiert aufgerufen werden.<\/p>\n<div id='widgedonpage' class='widgets_on_page'>\r\n    <ul><li id=\"search-5\" class=\"widget widget_search\"><h2 class=\"widgettitle\">Suchen<\/h2>\n<form role=\"search\" method=\"get\" class=\"searchform\" action=\"https:\/\/www.lsb-donaueschingen.de\/\">\n\t<label>\n\t\t<span class=\"screen-reader-text\">Suche nach:<\/span>\n\t\t<input type=\"search\" class=\"s\" placeholder=\"Suchen\" value=\"\" name=\"s\" \/>\n\t<\/label>\n\t<button type=\"submit\" class=\"searchsubmit\"><span class=\"screen-reader-text\">Suchen<\/span><i class=\"crycon-search\"><\/i><\/button>\n<\/form>\n<\/li><li id=\"archives-6\" class=\"widget widget_archive\"><h2 class=\"widgettitle\">Archiv<\/h2>\t\t<label class=\"screen-reader-text\" for=\"archives-dropdown-6\">Archiv<\/label>\n\t\t<select id=\"archives-dropdown-6\" name=\"archive-dropdown\">\n\t\t\t\n\t\t\t<option value=\"\">Monat ausw\u00e4hlen<\/option>\n\t\t\t\t<option value='https:\/\/www.lsb-donaueschingen.de\/?m=202507'> Juli 2025 &nbsp;(1)<\/option>\n\t<option value='https:\/\/www.lsb-donaueschingen.de\/?m=202506'> Juni 2025 &nbsp;(1)<\/option>\n\t<option value='https:\/\/www.lsb-donaueschingen.de\/?m=202501'> Januar 2025 &nbsp;(2)<\/option>\n\t<option value='https:\/\/www.lsb-donaueschingen.de\/?m=202404'> April 2024 &nbsp;(1)<\/option>\n\t<option value='https:\/\/www.lsb-donaueschingen.de\/?m=202312'> Dezember 2023 &nbsp;(4)<\/option>\n\t<option value='https:\/\/www.lsb-donaueschingen.de\/?m=202309'> September 2023 &nbsp;(1)<\/option>\n\t<option value='https:\/\/www.lsb-donaueschingen.de\/?m=202308'> August 2023 &nbsp;(1)<\/option>\n\t<option value='https:\/\/www.lsb-donaueschingen.de\/?m=202305'> Mai 2023 &nbsp;(1)<\/option>\n\t<option value='https:\/\/www.lsb-donaueschingen.de\/?m=202212'> Dezember 2022 &nbsp;(1)<\/option>\n\t<option value='https:\/\/www.lsb-donaueschingen.de\/?m=202211'> November 2022 &nbsp;(1)<\/option>\n\t<option value='https:\/\/www.lsb-donaueschingen.de\/?m=202208'> August 2022 &nbsp;(3)<\/option>\n\t<option value='https:\/\/www.lsb-donaueschingen.de\/?m=202207'> Juli 2022 &nbsp;(3)<\/option>\n\t<option value='https:\/\/www.lsb-donaueschingen.de\/?m=202205'> Mai 2022 &nbsp;(1)<\/option>\n\t<option value='https:\/\/www.lsb-donaueschingen.de\/?m=202204'> April 2022 &nbsp;(3)<\/option>\n\t<option value='https:\/\/www.lsb-donaueschingen.de\/?m=202203'> M\u00e4rz 2022 &nbsp;(1)<\/option>\n\t<option value='https:\/\/www.lsb-donaueschingen.de\/?m=202201'> Januar 2022 &nbsp;(1)<\/option>\n\t<option value='https:\/\/www.lsb-donaueschingen.de\/?m=202112'> Dezember 2021 &nbsp;(3)<\/option>\n\t<option value='https:\/\/www.lsb-donaueschingen.de\/?m=202110'> Oktober 2021 &nbsp;(5)<\/option>\n\t<option value='https:\/\/www.lsb-donaueschingen.de\/?m=202108'> August 2021 &nbsp;(4)<\/option>\n\t<option value='https:\/\/www.lsb-donaueschingen.de\/?m=202106'> Juni 2021 &nbsp;(4)<\/option>\n\t<option value='https:\/\/www.lsb-donaueschingen.de\/?m=202103'> M\u00e4rz 2021 &nbsp;(1)<\/option>\n\t<option value='https:\/\/www.lsb-donaueschingen.de\/?m=202102'> Februar 2021 &nbsp;(1)<\/option>\n\t<option value='https:\/\/www.lsb-donaueschingen.de\/?m=202012'> Dezember 2020 &nbsp;(2)<\/option>\n\t<option value='https:\/\/www.lsb-donaueschingen.de\/?m=202010'> Oktober 2020 &nbsp;(3)<\/option>\n\t<option value='https:\/\/www.lsb-donaueschingen.de\/?m=202009'> September 2020 &nbsp;(4)<\/option>\n\t<option value='https:\/\/www.lsb-donaueschingen.de\/?m=202008'> August 2020 &nbsp;(2)<\/option>\n\t<option value='https:\/\/www.lsb-donaueschingen.de\/?m=202007'> Juli 2020 &nbsp;(5)<\/option>\n\t<option value='https:\/\/www.lsb-donaueschingen.de\/?m=202005'> Mai 2020 &nbsp;(1)<\/option>\n\t<option value='https:\/\/www.lsb-donaueschingen.de\/?m=202004'> April 2020 &nbsp;(1)<\/option>\n\t<option value='https:\/\/www.lsb-donaueschingen.de\/?m=202003'> M\u00e4rz 2020 &nbsp;(1)<\/option>\n\t<option value='https:\/\/www.lsb-donaueschingen.de\/?m=202002'> Februar 2020 &nbsp;(3)<\/option>\n\t<option value='https:\/\/www.lsb-donaueschingen.de\/?m=202001'> Januar 2020 &nbsp;(1)<\/option>\n\t<option value='https:\/\/www.lsb-donaueschingen.de\/?m=201912'> Dezember 2019 &nbsp;(1)<\/option>\n\t<option value='https:\/\/www.lsb-donaueschingen.de\/?m=201910'> Oktober 2019 &nbsp;(3)<\/option>\n\t<option value='https:\/\/www.lsb-donaueschingen.de\/?m=201909'> September 2019 &nbsp;(1)<\/option>\n\t<option value='https:\/\/www.lsb-donaueschingen.de\/?m=201908'> August 2019 &nbsp;(2)<\/option>\n\t<option value='https:\/\/www.lsb-donaueschingen.de\/?m=201907'> Juli 2019 &nbsp;(2)<\/option>\n\t<option value='https:\/\/www.lsb-donaueschingen.de\/?m=201906'> Juni 2019 &nbsp;(2)<\/option>\n\t<option value='https:\/\/www.lsb-donaueschingen.de\/?m=201905'> Mai 2019 &nbsp;(4)<\/option>\n\t<option value='https:\/\/www.lsb-donaueschingen.de\/?m=201904'> April 2019 &nbsp;(4)<\/option>\n\t<option value='https:\/\/www.lsb-donaueschingen.de\/?m=201902'> Februar 2019 &nbsp;(2)<\/option>\n\t<option value='https:\/\/www.lsb-donaueschingen.de\/?m=201901'> Januar 2019 &nbsp;(2)<\/option>\n\t<option value='https:\/\/www.lsb-donaueschingen.de\/?m=201812'> Dezember 2018 &nbsp;(2)<\/option>\n\t<option value='https:\/\/www.lsb-donaueschingen.de\/?m=201811'> November 2018 &nbsp;(3)<\/option>\n\t<option value='https:\/\/www.lsb-donaueschingen.de\/?m=201810'> Oktober 2018 &nbsp;(3)<\/option>\n\t<option value='https:\/\/www.lsb-donaueschingen.de\/?m=201809'> September 2018 &nbsp;(1)<\/option>\n\t<option value='https:\/\/www.lsb-donaueschingen.de\/?m=201808'> August 2018 &nbsp;(3)<\/option>\n\t<option value='https:\/\/www.lsb-donaueschingen.de\/?m=201807'> Juli 2018 &nbsp;(4)<\/option>\n\t<option value='https:\/\/www.lsb-donaueschingen.de\/?m=201806'> Juni 2018 &nbsp;(1)<\/option>\n\t<option value='https:\/\/www.lsb-donaueschingen.de\/?m=201804'> April 2018 &nbsp;(3)<\/option>\n\t<option value='https:\/\/www.lsb-donaueschingen.de\/?m=201803'> M\u00e4rz 2018 &nbsp;(4)<\/option>\n\t<option value='https:\/\/www.lsb-donaueschingen.de\/?m=201802'> Februar 2018 &nbsp;(1)<\/option>\n\t<option value='https:\/\/www.lsb-donaueschingen.de\/?m=201801'> Januar 2018 &nbsp;(4)<\/option>\n\t<option value='https:\/\/www.lsb-donaueschingen.de\/?m=201712'> Dezember 2017 &nbsp;(4)<\/option>\n\t<option value='https:\/\/www.lsb-donaueschingen.de\/?m=201711'> November 2017 &nbsp;(4)<\/option>\n\t<option value='https:\/\/www.lsb-donaueschingen.de\/?m=201710'> Oktober 2017 &nbsp;(2)<\/option>\n\t<option value='https:\/\/www.lsb-donaueschingen.de\/?m=201708'> August 2017 &nbsp;(8)<\/option>\n\t<option value='https:\/\/www.lsb-donaueschingen.de\/?m=201706'> Juni 2017 &nbsp;(3)<\/option>\n\t<option value='https:\/\/www.lsb-donaueschingen.de\/?m=201705'> Mai 2017 &nbsp;(1)<\/option>\n\t<option value='https:\/\/www.lsb-donaueschingen.de\/?m=201704'> April 2017 &nbsp;(5)<\/option>\n\t<option value='https:\/\/www.lsb-donaueschingen.de\/?m=201703'> M\u00e4rz 2017 &nbsp;(3)<\/option>\n\t<option value='https:\/\/www.lsb-donaueschingen.de\/?m=201702'> Februar 2017 &nbsp;(1)<\/option>\n\t<option value='https:\/\/www.lsb-donaueschingen.de\/?m=201701'> Januar 2017 &nbsp;(3)<\/option>\n\t<option value='https:\/\/www.lsb-donaueschingen.de\/?m=201612'> Dezember 2016 &nbsp;(2)<\/option>\n\t<option value='https:\/\/www.lsb-donaueschingen.de\/?m=201611'> November 2016 &nbsp;(4)<\/option>\n\t<option value='https:\/\/www.lsb-donaueschingen.de\/?m=201610'> Oktober 2016 &nbsp;(5)<\/option>\n\t<option value='https:\/\/www.lsb-donaueschingen.de\/?m=201609'> September 2016 &nbsp;(1)<\/option>\n\t<option value='https:\/\/www.lsb-donaueschingen.de\/?m=201608'> August 2016 &nbsp;(3)<\/option>\n\t<option value='https:\/\/www.lsb-donaueschingen.de\/?m=201607'> Juli 2016 &nbsp;(3)<\/option>\n\t<option value='https:\/\/www.lsb-donaueschingen.de\/?m=201606'> Juni 2016 &nbsp;(1)<\/option>\n\t<option value='https:\/\/www.lsb-donaueschingen.de\/?m=201605'> Mai 2016 &nbsp;(3)<\/option>\n\t<option value='https:\/\/www.lsb-donaueschingen.de\/?m=201604'> April 2016 &nbsp;(4)<\/option>\n\t<option value='https:\/\/www.lsb-donaueschingen.de\/?m=201603'> M\u00e4rz 2016 &nbsp;(1)<\/option>\n\t<option value='https:\/\/www.lsb-donaueschingen.de\/?m=201602'> Februar 2016 &nbsp;(4)<\/option>\n\t<option value='https:\/\/www.lsb-donaueschingen.de\/?m=201601'> Januar 2016 &nbsp;(2)<\/option>\n\t<option value='https:\/\/www.lsb-donaueschingen.de\/?m=201512'> Dezember 2015 &nbsp;(2)<\/option>\n\t<option value='https:\/\/www.lsb-donaueschingen.de\/?m=201511'> November 2015 &nbsp;(3)<\/option>\n\t<option value='https:\/\/www.lsb-donaueschingen.de\/?m=201510'> Oktober 2015 &nbsp;(2)<\/option>\n\t<option value='https:\/\/www.lsb-donaueschingen.de\/?m=201509'> September 2015 &nbsp;(5)<\/option>\n\t<option value='https:\/\/www.lsb-donaueschingen.de\/?m=201508'> August 2015 &nbsp;(8)<\/option>\n\t<option value='https:\/\/www.lsb-donaueschingen.de\/?m=201507'> Juli 2015 &nbsp;(5)<\/option>\n\t<option value='https:\/\/www.lsb-donaueschingen.de\/?m=201506'> Juni 2015 &nbsp;(2)<\/option>\n\t<option value='https:\/\/www.lsb-donaueschingen.de\/?m=201505'> Mai 2015 &nbsp;(4)<\/option>\n\t<option value='https:\/\/www.lsb-donaueschingen.de\/?m=201504'> April 2015 &nbsp;(7)<\/option>\n\t<option value='https:\/\/www.lsb-donaueschingen.de\/?m=201503'> M\u00e4rz 2015 &nbsp;(5)<\/option>\n\t<option value='https:\/\/www.lsb-donaueschingen.de\/?m=201502'> Februar 2015 &nbsp;(4)<\/option>\n\t<option value='https:\/\/www.lsb-donaueschingen.de\/?m=201501'> Januar 2015 &nbsp;(2)<\/option>\n\t<option value='https:\/\/www.lsb-donaueschingen.de\/?m=201412'> Dezember 2014 &nbsp;(2)<\/option>\n\t<option value='https:\/\/www.lsb-donaueschingen.de\/?m=201411'> November 2014 &nbsp;(1)<\/option>\n\t<option value='https:\/\/www.lsb-donaueschingen.de\/?m=201410'> Oktober 2014 &nbsp;(4)<\/option>\n\t<option value='https:\/\/www.lsb-donaueschingen.de\/?m=201409'> September 2014 &nbsp;(2)<\/option>\n\t<option value='https:\/\/www.lsb-donaueschingen.de\/?m=201408'> August 2014 &nbsp;(3)<\/option>\n\t<option value='https:\/\/www.lsb-donaueschingen.de\/?m=201407'> Juli 2014 &nbsp;(4)<\/option>\n\t<option value='https:\/\/www.lsb-donaueschingen.de\/?m=201406'> Juni 2014 &nbsp;(4)<\/option>\n\t<option value='https:\/\/www.lsb-donaueschingen.de\/?m=201405'> Mai 2014 &nbsp;(2)<\/option>\n\t<option value='https:\/\/www.lsb-donaueschingen.de\/?m=201404'> April 2014 &nbsp;(4)<\/option>\n\t<option value='https:\/\/www.lsb-donaueschingen.de\/?m=201403'> M\u00e4rz 2014 &nbsp;(3)<\/option>\n\t<option value='https:\/\/www.lsb-donaueschingen.de\/?m=201402'> Februar 2014 &nbsp;(4)<\/option>\n\t<option value='https:\/\/www.lsb-donaueschingen.de\/?m=201401'> Januar 2014 &nbsp;(6)<\/option>\n\t<option value='https:\/\/www.lsb-donaueschingen.de\/?m=201312'> Dezember 2013 &nbsp;(4)<\/option>\n\t<option value='https:\/\/www.lsb-donaueschingen.de\/?m=201311'> November 2013 &nbsp;(4)<\/option>\n\t<option value='https:\/\/www.lsb-donaueschingen.de\/?m=201310'> Oktober 2013 &nbsp;(1)<\/option>\n\t<option value='https:\/\/www.lsb-donaueschingen.de\/?m=201309'> September 2013 &nbsp;(2)<\/option>\n\t<option value='https:\/\/www.lsb-donaueschingen.de\/?m=201308'> August 2013 &nbsp;(4)<\/option>\n\t<option value='https:\/\/www.lsb-donaueschingen.de\/?m=201307'> Juli 2013 &nbsp;(5)<\/option>\n\t<option value='https:\/\/www.lsb-donaueschingen.de\/?m=201306'> Juni 2013 &nbsp;(3)<\/option>\n\t<option value='https:\/\/www.lsb-donaueschingen.de\/?m=201305'> Mai 2013 &nbsp;(6)<\/option>\n\t<option value='https:\/\/www.lsb-donaueschingen.de\/?m=201304'> April 2013 &nbsp;(4)<\/option>\n\t<option value='https:\/\/www.lsb-donaueschingen.de\/?m=201303'> M\u00e4rz 2013 &nbsp;(2)<\/option>\n\t<option value='https:\/\/www.lsb-donaueschingen.de\/?m=201302'> Februar 2013 &nbsp;(2)<\/option>\n\t<option value='https:\/\/www.lsb-donaueschingen.de\/?m=201301'> Januar 2013 &nbsp;(4)<\/option>\n\t<option value='https:\/\/www.lsb-donaueschingen.de\/?m=201212'> Dezember 2012 &nbsp;(6)<\/option>\n\t<option value='https:\/\/www.lsb-donaueschingen.de\/?m=201210'> Oktober 2012 &nbsp;(2)<\/option>\n\t<option value='https:\/\/www.lsb-donaueschingen.de\/?m=201209'> September 2012 &nbsp;(3)<\/option>\n\t<option value='https:\/\/www.lsb-donaueschingen.de\/?m=201208'> August 2012 &nbsp;(2)<\/option>\n\t<option value='https:\/\/www.lsb-donaueschingen.de\/?m=201207'> Juli 2012 &nbsp;(3)<\/option>\n\t<option value='https:\/\/www.lsb-donaueschingen.de\/?m=201206'> Juni 2012 &nbsp;(5)<\/option>\n\t<option value='https:\/\/www.lsb-donaueschingen.de\/?m=201204'> April 2012 &nbsp;(8)<\/option>\n\t<option value='https:\/\/www.lsb-donaueschingen.de\/?m=201203'> M\u00e4rz 2012 &nbsp;(4)<\/option>\n\t<option value='https:\/\/www.lsb-donaueschingen.de\/?m=201202'> Februar 2012 &nbsp;(3)<\/option>\n\t<option value='https:\/\/www.lsb-donaueschingen.de\/?m=201201'> Januar 2012 &nbsp;(5)<\/option>\n\t<option value='https:\/\/www.lsb-donaueschingen.de\/?m=201112'> Dezember 2011 &nbsp;(3)<\/option>\n\t<option value='https:\/\/www.lsb-donaueschingen.de\/?m=200511'> November 2005 &nbsp;(1)<\/option>\n\t<option value='https:\/\/www.lsb-donaueschingen.de\/?m=200507'> Juli 2005 &nbsp;(1)<\/option>\n\n\t\t<\/select>\n\n\t\t\t<script type=\"text\/javascript\">\n\/* <![CDATA[ *\/\n\n(function() {\n\tvar dropdown = document.getElementById( \"archives-dropdown-6\" );\n\tfunction onSelectChange() {\n\t\tif ( dropdown.options[ dropdown.selectedIndex ].value !== '' ) {\n\t\t\tdocument.location.href = this.options[ this.selectedIndex ].value;\n\t\t}\n\t}\n\tdropdown.onchange = onSelectChange;\n})();\n\n\/* ]]> *\/\n<\/script>\n<\/li><\/ul>\r\n  <\/div><!-- widgets_on_page -->\n","protected":false},"excerpt":{"rendered":"<p>\u00dcber das Suchfeld kann mittels eines Schlagwortes nach einem Betrag gesucht werden. \u00dcber die Achive Funktion k\u00f6nnen die Beitr\u00e4ge nach Monaten gruppiert aufgerufen werden.<\/p>\n<p class=\"continue-reading-button\"> <a class=\"continue-reading-link\" href=\"https:\/\/www.lsb-donaueschingen.de\/?page_id=3959\">Weiterlesen<i class=\"crycon-right-dir\"><\/i><\/a><\/p>\n","protected":false},"author":10,"featured_media":0,"parent":1987,"menu_order":0,"comment_status":"closed","ping_status":"closed","template":"templates\/template-page-with-intro.php","meta":{"_uag_custom_page_level_css":"","editor_plus_copied_stylings":"{}","ngg_post_thumbnail":0,"footnotes":""},"class_list":["post-3959","page","type-page","status-publish","hentry"],"aioseo_notices":[],"uagb_featured_image_src":{"full":false,"thumbnail":false,"medium":false,"medium_large":false,"large":false,"1536x1536":false,"2048x2048":false,"custom":false,"post-thumbnail":false,"header":false,"slider":false,"columns":false},"uagb_author_info":{"display_name":"Admin","author_link":"https:\/\/www.lsb-donaueschingen.de\/?author=10"},"uagb_comment_info":0,"uagb_excerpt":"\u00dcber das Suchfeld kann mittels eines Schlagwortes nach einem Betrag gesucht werden. \u00dcber die Achive Funktion k\u00f6nnen die Beitr\u00e4ge nach Monaten gruppiert aufgerufen werden. Weiterlesen","_links":{"self":[{"href":"https:\/\/www.lsb-donaueschingen.de\/index.php?rest_route=\/wp\/v2\/pages\/3959","targetHints":{"allow":["GET"]}}],"collection":[{"href":"https:\/\/www.lsb-donaueschingen.de\/index.php?rest_route=\/wp\/v2\/pages"}],"about":[{"href":"https:\/\/www.lsb-donaueschingen.de\/index.php?rest_route=\/wp\/v2\/types\/page"}],"author":[{"embeddable":true,"href":"https:\/\/www.lsb-donaueschingen.de\/index.php?rest_route=\/wp\/v2\/users\/10"}],"replies":[{"embeddable":true,"href":"https:\/\/www.lsb-donaueschingen.de\/index.php?rest_route=%2Fwp%2Fv2%2Fcomments&post=3959"}],"version-history":[{"count":7,"href":"https:\/\/www.lsb-donaueschingen.de\/index.php?rest_route=\/wp\/v2\/pages\/3959\/revisions"}],"predecessor-version":[{"id":6147,"href":"https:\/\/www.lsb-donaueschingen.de\/index.php?rest_route=\/wp\/v2\/pages\/3959\/revisions\/6147"}],"up":[{"embeddable":true,"href":"https:\/\/www.lsb-donaueschingen.de\/index.php?rest_route=\/wp\/v2\/pages\/1987"}],"wp:attachment":[{"href":"https:\/\/www.lsb-donaueschingen.de\/index.php?rest_route=%2Fwp%2Fv2%2Fmedia&parent=3959"}],"curies":[{"name":"wp","href":"https:\/\/api.w.org\/{rel}","templated":true}]}}