{"id":469,"date":"2012-01-08T14:03:29","date_gmt":"2012-01-08T14:03:29","guid":{"rendered":"http:\/\/www.lsb-donaueschingen.de\/?page_id=469"},"modified":"2018-03-28T09:24:01","modified_gmt":"2018-03-28T09:24:01","slug":"der-zugvogel-und-seine-fliegerinnen","status":"publish","type":"page","link":"https:\/\/www.lsb-donaueschingen.de\/?page_id=469","title":{"rendered":"Der Zugvogel und seine Fliegerinnen"},"content":{"rendered":"<p>&nbsp;<\/p>\n<style>\n       .errordiv { padding:10px; margin:10px; border: 1px solid #555555;color: #000000;background-color: #f8f8f8; width:500px; }#advanced_iframe {visibility:visible;opacity:1;vertical-align:top;}.ai-info-bottom-iframe { position: fixed; z-index: 10000; bottom:0; left: 0; margin: 0px; text-align: center; width: 100%; background-color: #ff9999; padding-left: 5px;padding-bottom: 5px; border-top: 1px solid #aaa } a.ai-bold {font-weight: bold;}#ai-layer-div-advanced_iframe p {height:100%;margin:0;padding:0}<\/style><script type=\"text\/javascript\">var ai_iframe_width_advanced_iframe = 0;var ai_iframe_height_advanced_iframe = 0;var aiIsIe8=false;var aiOnloadScrollTop=\"true\";var aiShowDebug=false;\n\t\tif (typeof aiReadyCallbacks === 'undefined') {\n\t\t\tvar aiReadyCallbacks = [];\n\t\t} else if (!(aiReadyCallbacks instanceof Array)) {\n\t\t\tvar aiReadyCallbacks = [];\n\t\t}    function aiShowIframeId(id_iframe) { jQuery(\"#\"+id_iframe).css(\"visibility\", \"visible\");    }    function aiResizeIframeHeight(height) { aiResizeIframeHeight(height,advanced_iframe); }    function aiResizeIframeHeightId(height,width,id) {aiResizeIframeHeightById(id,height);}<\/script><iframe id=\"advanced_iframe\"  name=\"advanced_iframe\"  src=\"http:\/\/d8873Hanna%20Reitsch.htm\"  width=\"100%\"  height=\"2750\"  scrolling=\"no\"  frameborder=\"0\"  border=\"0\"  allowtransparency=\"true\"  loading=\"lazy\"  style=\";width:100%;height:2750px;\" ><\/iframe><script type=\"text\/javascript\">var ifrm_advanced_iframe = document.getElementById(\"advanced_iframe\");var hiddenTabsDoneadvanced_iframe = false;\nfunction resizeCallbackadvanced_iframe() {}<\/script><script type=\"text\/javascript\"><\/script>\n<p>Teilweise grund\u00fcberholt (Rumpf) und flugklar steht das Schuckst\u00fcck von&nbsp;Norbert Weinhold im Fr\u00fchjahr 2018 im trockenen und wartet auf die erste Thermik!<\/p>\n<p><a href=\"http:\/\/www.lsb-donaueschingen.de\/wp-content\/uploads\/2018\/03\/Zugvogel1_2018_s.jpg\"><img loading=\"lazy\" decoding=\"async\" class=\"alignleft size-full wp-image-6581\" src=\"http:\/\/www.lsb-donaueschingen.de\/wp-content\/uploads\/2018\/03\/Zugvogel1_2018_s.jpg\" alt=\"\" height=\"665\" width=\"1053\" srcset=\"https:\/\/www.lsb-donaueschingen.de\/wp-content\/uploads\/2018\/03\/Zugvogel1_2018_s.jpg 1053w, https:\/\/www.lsb-donaueschingen.de\/wp-content\/uploads\/2018\/03\/Zugvogel1_2018_s-300x189.jpg 300w, https:\/\/www.lsb-donaueschingen.de\/wp-content\/uploads\/2018\/03\/Zugvogel1_2018_s-768x485.jpg 768w, https:\/\/www.lsb-donaueschingen.de\/wp-content\/uploads\/2018\/03\/Zugvogel1_2018_s-1024x647.jpg 1024w, https:\/\/www.lsb-donaueschingen.de\/wp-content\/uploads\/2018\/03\/Zugvogel1_2018_s-150x95.jpg 150w\" sizes=\"auto, (max-width: 1053px) 100vw, 1053px\" \/><\/a><\/p>\n","protected":false},"excerpt":{"rendered":"<p>&nbsp; Teilweise grund\u00fcberholt (Rumpf) und flugklar steht das Schuckst\u00fcck von&nbsp;Norbert Weinhold im Fr\u00fchjahr 2018 im trockenen und wartet auf die erste Thermik!<\/p>\n<p class=\"continue-reading-button\"> <a class=\"continue-reading-link\" href=\"https:\/\/www.lsb-donaueschingen.de\/?page_id=469\">Weiterlesen<i class=\"crycon-right-dir\"><\/i><\/a><\/p>\n","protected":false},"author":10,"featured_media":0,"parent":211,"menu_order":3,"comment_status":"open","ping_status":"open","template":"","meta":{"_uag_custom_page_level_css":"","editor_plus_copied_stylings":"{}","ngg_post_thumbnail":0,"footnotes":""},"class_list":["post-469","page","type-page","status-publish","hentry"],"aioseo_notices":[],"uagb_featured_image_src":{"full":false,"thumbnail":false,"medium":false,"medium_large":false,"large":false,"1536x1536":false,"2048x2048":false,"custom":false,"post-thumbnail":false,"header":false,"slider":false,"columns":false},"uagb_author_info":{"display_name":"Admin","author_link":"https:\/\/www.lsb-donaueschingen.de\/?author=10"},"uagb_comment_info":2,"uagb_excerpt":"&nbsp; Teilweise grund\u00fcberholt (Rumpf) und flugklar steht das Schuckst\u00fcck von&nbsp;Norbert Weinhold im Fr\u00fchjahr 2018 im trockenen und wartet auf die erste Thermik! Weiterlesen","_links":{"self":[{"href":"https:\/\/www.lsb-donaueschingen.de\/index.php?rest_route=\/wp\/v2\/pages\/469","targetHints":{"allow":["GET"]}}],"collection":[{"href":"https:\/\/www.lsb-donaueschingen.de\/index.php?rest_route=\/wp\/v2\/pages"}],"about":[{"href":"https:\/\/www.lsb-donaueschingen.de\/index.php?rest_route=\/wp\/v2\/types\/page"}],"author":[{"embeddable":true,"href":"https:\/\/www.lsb-donaueschingen.de\/index.php?rest_route=\/wp\/v2\/users\/10"}],"replies":[{"embeddable":true,"href":"https:\/\/www.lsb-donaueschingen.de\/index.php?rest_route=%2Fwp%2Fv2%2Fcomments&post=469"}],"version-history":[{"count":7,"href":"https:\/\/www.lsb-donaueschingen.de\/index.php?rest_route=\/wp\/v2\/pages\/469\/revisions"}],"predecessor-version":[{"id":6582,"href":"https:\/\/www.lsb-donaueschingen.de\/index.php?rest_route=\/wp\/v2\/pages\/469\/revisions\/6582"}],"up":[{"embeddable":true,"href":"https:\/\/www.lsb-donaueschingen.de\/index.php?rest_route=\/wp\/v2\/pages\/211"}],"wp:attachment":[{"href":"https:\/\/www.lsb-donaueschingen.de\/index.php?rest_route=%2Fwp%2Fv2%2Fmedia&parent=469"}],"curies":[{"name":"wp","href":"https:\/\/api.w.org\/{rel}","templated":true}]}}