{"id":54,"date":"2011-12-29T15:50:50","date_gmt":"2011-12-29T15:50:50","guid":{"rendered":"http:\/\/localhost\/wordpress\/?page_id=54"},"modified":"2022-12-09T17:36:07","modified_gmt":"2022-12-09T17:36:07","slug":"motorflug","status":"publish","type":"page","link":"https:\/\/www.lsb-donaueschingen.de\/?page_id=54","title":{"rendered":"Motorflug"},"content":{"rendered":"\n<p class=\" eplus-wrapper\"><strong>Unsere Motorflugsparte boomt!<\/strong><br><br>Nicht zuletzt durch die eigene LAPL-Schulung im Club.<br>Der LAPL bietet alle M\u00f6glichkeiten: Motorflugzeuge, Motorsegler und UL-Flugzeuge k\u00f6nnen damit geflogen werden.<\/p>\n\n\n\n<p class=\" eplus-wrapper\">2021 haben wir uns deshalb entschlossen eine Cessna 172 zu kaufen und neu aufzubauen.<\/p>\n\n\n\n<p class=\" eplus-wrapper\"><strong>Unsere Motorflugzeuge:<\/strong><br><br>Kein Flugzeug wurde so oft gebaut wie <a href=\"https:\/\/www.lsb-donaueschingen.de\/?page_id=8752\" title=\"D-EOYE\">Cessna 172 <\/a>und <a href=\"https:\/\/www.lsb-donaueschingen.de\/?page_id=8749\" title=\"D-EDKU\">Piper PA28<\/a>.<br>Einfach zu fliegen, sicher und robust.<br>Unsere Motorflugzeuge werden professionell gewartet. Sie sind in einer sogenannten<br>\u00fcberwachten Umgebung einer CAO.<\/p>\n\n\n\n<p class=\" eplus-wrapper\"><strong>Der Flugplatz Donaueschingen (EDTD)<\/strong> ist perfekt f\u00fcr unsere Piloten geeignet.<br>Lange \u00d6ffnungszeiten, eine Piste mit 1300 Meter, ein Instrumentenanflugverfahren und Nachtflugm\u00f6glichkeit. Besser geht es nicht!<\/p>\n\n\n\n<p class=\" eplus-wrapper\"><span lang=\"DE\">Bei Fragen zur Motorflugsparte steht Ihnen unser Abteilungsleiter Oliver Sch\u00f6nle gerne zur Verf\u00fcgung.<\/span><\/p>\n\n\n\n<p class=\" eplus-wrapper\"><span lang=\"DE\"><strong>E-Mail:  motorflug@flylsb.de <br><\/strong><\/span><\/p>\n\n\n\n<div class=\"wp-block-image eplus-wrapper\"><figure class=\"aligncenter is-resized\"><a href=\"http:\/\/www.lsb-donaueschingen.de\/?attachment_id=982\" rel=\"attachment wp-att-982\"><img loading=\"lazy\" decoding=\"async\" src=\"http:\/\/www.lsb-donaueschingen.de\/wp-content\/uploads\/2011\/12\/Oli-Schoenle2.jpg\" alt=\"Oli-Schoenle2\" class=\"wp-image-982\" width=\"240\" height=\"360\" srcset=\"https:\/\/www.lsb-donaueschingen.de\/wp-content\/uploads\/2011\/12\/Oli-Schoenle2.jpg 480w, https:\/\/www.lsb-donaueschingen.de\/wp-content\/uploads\/2011\/12\/Oli-Schoenle2-200x300.jpg 200w\" sizes=\"auto, (max-width: 240px) 100vw, 240px\" \/><\/a><\/figure><\/div>\n\n\n\n<p class=\"has-text-align-center eplus-wrapper\"> Tel: 0172-7496092 oder per Email:schoenle@forumedia.com<\/p>\n\n\n\n<p class=\" eplus-wrapper\">F\u00fcr unsere Vereinsmitglieder findet sich das Flughandbuch und Informationen zu der Avionik, womit sich jeder Pilot vor dem ersten Start auf diesem Flugzeugtyp vertraut zu machen hat, in der Rubrik &#8222;Dokumente&#8220; im Verwaltungs-Tool &#8222;Vereinsflieger&#8220; (Zugang nur f\u00fcr Mitglieder).<\/p>\n\n\n\n<p class=\" eplus-wrapper\"><\/p>\n","protected":false},"excerpt":{"rendered":"<p>Unsere Motorflugsparte boomt! Nicht zuletzt durch die eigene LAPL-Schulung im Club.Der LAPL bietet alle M\u00f6glichkeiten: Motorflugzeuge, Motorsegler und UL-Flugzeuge k\u00f6nnen damit geflogen werden. 2021 haben wir uns deshalb entschlossen eine Cessna 172 zu kaufen und neu aufzubauen. Unsere Motorflugzeuge: Kein Flugzeug wurde so oft gebaut wie Cessna 172 und Piper\u2026<\/p>\n<p class=\"continue-reading-button\"> <a class=\"continue-reading-link\" href=\"https:\/\/www.lsb-donaueschingen.de\/?page_id=54\">Weiterlesen<i class=\"crycon-right-dir\"><\/i><\/a><\/p>\n","protected":false},"author":10,"featured_media":0,"parent":24,"menu_order":2,"comment_status":"closed","ping_status":"closed","template":"","meta":{"_uag_custom_page_level_css":"","editor_plus_copied_stylings":"{}","ngg_post_thumbnail":0,"footnotes":""},"class_list":["post-54","page","type-page","status-publish","hentry"],"aioseo_notices":[],"uagb_featured_image_src":{"full":false,"thumbnail":false,"medium":false,"medium_large":false,"large":false,"1536x1536":false,"2048x2048":false,"custom":false,"post-thumbnail":false,"header":false,"slider":false,"columns":false},"uagb_author_info":{"display_name":"Admin","author_link":"https:\/\/www.lsb-donaueschingen.de\/?author=10"},"uagb_comment_info":0,"uagb_excerpt":"Unsere Motorflugsparte boomt! Nicht zuletzt durch die eigene LAPL-Schulung im Club.Der LAPL bietet alle M\u00f6glichkeiten: Motorflugzeuge, Motorsegler und UL-Flugzeuge k\u00f6nnen damit geflogen werden. 2021 haben wir uns deshalb entschlossen eine Cessna 172 zu kaufen und neu aufzubauen. Unsere Motorflugzeuge: Kein Flugzeug wurde so oft gebaut wie Cessna 172 und Piper\u2026 Weiterlesen","_links":{"self":[{"href":"https:\/\/www.lsb-donaueschingen.de\/index.php?rest_route=\/wp\/v2\/pages\/54","targetHints":{"allow":["GET"]}}],"collection":[{"href":"https:\/\/www.lsb-donaueschingen.de\/index.php?rest_route=\/wp\/v2\/pages"}],"about":[{"href":"https:\/\/www.lsb-donaueschingen.de\/index.php?rest_route=\/wp\/v2\/types\/page"}],"author":[{"embeddable":true,"href":"https:\/\/www.lsb-donaueschingen.de\/index.php?rest_route=\/wp\/v2\/users\/10"}],"replies":[{"embeddable":true,"href":"https:\/\/www.lsb-donaueschingen.de\/index.php?rest_route=%2Fwp%2Fv2%2Fcomments&post=54"}],"version-history":[{"count":21,"href":"https:\/\/www.lsb-donaueschingen.de\/index.php?rest_route=\/wp\/v2\/pages\/54\/revisions"}],"predecessor-version":[{"id":8853,"href":"https:\/\/www.lsb-donaueschingen.de\/index.php?rest_route=\/wp\/v2\/pages\/54\/revisions\/8853"}],"up":[{"embeddable":true,"href":"https:\/\/www.lsb-donaueschingen.de\/index.php?rest_route=\/wp\/v2\/pages\/24"}],"wp:attachment":[{"href":"https:\/\/www.lsb-donaueschingen.de\/index.php?rest_route=%2Fwp%2Fv2%2Fmedia&parent=54"}],"curies":[{"name":"wp","href":"https:\/\/api.w.org\/{rel}","templated":true}]}}